{"id":41,"date":"2020-03-12T12:24:00","date_gmt":"2020-03-12T12:24:00","guid":{"rendered":"https:\/\/demo.crocoblock.com\/foreo\/?page_id=41"},"modified":"2025-12-05T17:45:51","modified_gmt":"2025-12-05T22:45:51","slug":"contact-us","status":"publish","type":"page","link":"https:\/\/hotelrojascusco.com\/en\/contact-us\/","title":{"rendered":"Contact us"},"content":{"rendered":"<div data-elementor-type=\"wp-page\" data-elementor-id=\"41\" class=\"elementor elementor-41\" data-elementor-post-type=\"page\">\n\t\t\t\t\t\t<section class=\"elementor-section elementor-top-section elementor-element elementor-element-a0641bf elementor-section-boxed elementor-section-height-default elementor-section-height-default\" data-id=\"a0641bf\" data-element_type=\"section\" data-settings=\"{&quot;jet_parallax_layout_list&quot;:[{&quot;jet_parallax_layout_image&quot;:{&quot;url&quot;:&quot;&quot;,&quot;id&quot;:&quot;&quot;,&quot;size&quot;:&quot;&quot;},&quot;_id&quot;:&quot;cabce4a&quot;,&quot;jet_parallax_layout_image_tablet&quot;:{&quot;url&quot;:&quot;&quot;,&quot;id&quot;:&quot;&quot;,&quot;size&quot;:&quot;&quot;},&quot;jet_parallax_layout_image_mobile&quot;:{&quot;url&quot;:&quot;&quot;,&quot;id&quot;:&quot;&quot;,&quot;size&quot;:&quot;&quot;},&quot;jet_parallax_layout_speed&quot;:{&quot;unit&quot;:&quot;%&quot;,&quot;size&quot;:50,&quot;sizes&quot;:[]},&quot;jet_parallax_layout_type&quot;:&quot;scroll&quot;,&quot;jet_parallax_layout_direction&quot;:&quot;1&quot;,&quot;jet_parallax_layout_fx_direction&quot;:null,&quot;jet_parallax_layout_z_index&quot;:&quot;&quot;,&quot;jet_parallax_layout_bg_x&quot;:50,&quot;jet_parallax_layout_bg_x_tablet&quot;:&quot;&quot;,&quot;jet_parallax_layout_bg_x_mobile&quot;:&quot;&quot;,&quot;jet_parallax_layout_bg_y&quot;:50,&quot;jet_parallax_layout_bg_y_tablet&quot;:&quot;&quot;,&quot;jet_parallax_layout_bg_y_mobile&quot;:&quot;&quot;,&quot;jet_parallax_layout_bg_size&quot;:&quot;auto&quot;,&quot;jet_parallax_layout_bg_size_tablet&quot;:&quot;&quot;,&quot;jet_parallax_layout_bg_size_mobile&quot;:&quot;&quot;,&quot;jet_parallax_layout_animation_prop&quot;:&quot;transform&quot;,&quot;jet_parallax_layout_on&quot;:[&quot;desktop&quot;,&quot;tablet&quot;]}],&quot;background_background&quot;:&quot;classic&quot;}\">\n\t\t\t\t\t\t<div class=\"elementor-container elementor-column-gap-no\">\n\t\t\t\t\t<div class=\"elementor-column elementor-col-50 elementor-top-column elementor-element elementor-element-c2d44c8\" data-id=\"c2d44c8\" data-element_type=\"column\">\n\t\t\t<div class=\"elementor-widget-wrap elementor-element-populated\">\n\t\t\t\t\t\t<div class=\"elementor-element elementor-element-d1923ae elementor-widget elementor-widget-heading\" data-id=\"d1923ae\" data-element_type=\"widget\" data-widget_type=\"heading.default\">\n\t\t\t\t<div class=\"elementor-widget-container\">\n\t\t\t\t\t<h1 class=\"elementor-heading-title elementor-size-default\">Contact us<\/h1>\t\t\t\t<\/div>\n\t\t\t\t<\/div>\n\t\t\t\t<div class=\"elementor-element elementor-element-6909daf elementor-widget elementor-widget-heading\" data-id=\"6909daf\" data-element_type=\"widget\" data-widget_type=\"heading.default\">\n\t\t\t\t<div class=\"elementor-widget-container\">\n\t\t\t\t\t<h2 class=\"elementor-heading-title elementor-size-default\">Rojas Cusco Hoteles<\/h2>\t\t\t\t<\/div>\n\t\t\t\t<\/div>\n\t\t\t\t<div class=\"elementor-element elementor-element-d5432de elementor-widget elementor-widget-text-editor\" data-id=\"d5432de\" data-element_type=\"widget\" data-widget_type=\"text-editor.default\">\n\t\t\t\t<div class=\"elementor-widget-container\">\n\t\t\t\t\t\t\t\t\t<p>Contact us through our communication channels.<\/p>\t\t\t\t\t\t\t\t<\/div>\n\t\t\t\t<\/div>\n\t\t\t\t<div class=\"elementor-element elementor-element-a9badab elementor-icon-list--layout-traditional elementor-list-item-link-full_width elementor-widget elementor-widget-icon-list\" data-id=\"a9badab\" data-element_type=\"widget\" data-widget_type=\"icon-list.default\">\n\t\t\t\t<div class=\"elementor-widget-container\">\n\t\t\t\t\t\t\t<ul class=\"elementor-icon-list-items\">\n\t\t\t\t\t\t\t<li class=\"elementor-icon-list-item\">\n\t\t\t\t\t\t\t\t\t\t\t<span class=\"elementor-icon-list-icon\">\n\t\t\t\t\t\t\t<i aria-hidden=\"true\" class=\"fas fa-map-marker-alt\"><\/i>\t\t\t\t\t\t<\/span>\n\t\t\t\t\t\t\t\t\t\t<span class=\"elementor-icon-list-text\">Tigre N\u00ba 129, Cusco<\/span>\n\t\t\t\t\t\t\t\t\t<\/li>\n\t\t\t\t\t\t\t\t<li class=\"elementor-icon-list-item\">\n\t\t\t\t\t\t\t\t\t\t\t<span class=\"elementor-icon-list-icon\">\n\t\t\t\t\t\t\t<i aria-hidden=\"true\" class=\"fas fa-phone-alt\"><\/i>\t\t\t\t\t\t<\/span>\n\t\t\t\t\t\t\t\t\t\t<span class=\"elementor-icon-list-text\">+51 84 258736 (Of. Reservas)<\/span>\n\t\t\t\t\t\t\t\t\t<\/li>\n\t\t\t\t\t\t\t\t<li class=\"elementor-icon-list-item\">\n\t\t\t\t\t\t\t\t\t\t\t<span class=\"elementor-icon-list-icon\">\n\t\t\t\t\t\t\t<i aria-hidden=\"true\" class=\"fab fa-whatsapp\"><\/i>\t\t\t\t\t\t<\/span>\n\t\t\t\t\t\t\t\t\t\t<span class=\"elementor-icon-list-text\">+51 983 763 104<\/span>\n\t\t\t\t\t\t\t\t\t<\/li>\n\t\t\t\t\t\t\t\t<li class=\"elementor-icon-list-item\">\n\t\t\t\t\t\t\t\t\t\t\t<span class=\"elementor-icon-list-icon\">\n\t\t\t\t\t\t\t<i aria-hidden=\"true\" class=\"far fa-envelope\"><\/i>\t\t\t\t\t\t<\/span>\n\t\t\t\t\t\t\t\t\t\t<span class=\"elementor-icon-list-text\">reservas@hotelrojascusco.com<\/span>\n\t\t\t\t\t\t\t\t\t<\/li>\n\t\t\t\t\t\t<\/ul>\n\t\t\t\t\t\t<\/div>\n\t\t\t\t<\/div>\n\t\t\t\t<div class=\"elementor-element elementor-element-2bb2d92 elementor-widget elementor-widget-spacer\" data-id=\"2bb2d92\" data-element_type=\"widget\" data-widget_type=\"spacer.default\">\n\t\t\t\t<div class=\"elementor-widget-container\">\n\t\t\t\t\t\t\t<div class=\"elementor-spacer\">\n\t\t\t<div class=\"elementor-spacer-inner\"><\/div>\n\t\t<\/div>\n\t\t\t\t\t\t<\/div>\n\t\t\t\t<\/div>\n\t\t\t\t\t<\/div>\n\t\t<\/div>\n\t\t\t\t<div class=\"elementor-column elementor-col-50 elementor-top-column elementor-element elementor-element-31343c4\" data-id=\"31343c4\" data-element_type=\"column\">\n\t\t\t<div class=\"elementor-widget-wrap elementor-element-populated\">\n\t\t\t\t\t\t<div class=\"elementor-element elementor-element-e64957d elementor-widget elementor-widget-spacer\" data-id=\"e64957d\" data-element_type=\"widget\" data-widget_type=\"spacer.default\">\n\t\t\t\t<div class=\"elementor-widget-container\">\n\t\t\t\t\t\t\t<div class=\"elementor-spacer\">\n\t\t\t<div class=\"elementor-spacer-inner\"><\/div>\n\t\t<\/div>\n\t\t\t\t\t\t<\/div>\n\t\t\t\t<\/div>\n\t\t\t\t<div class=\"elementor-element elementor-element-7c415d1 elementor-widget elementor-widget-heading\" data-id=\"7c415d1\" data-element_type=\"widget\" data-widget_type=\"heading.default\">\n\t\t\t\t<div class=\"elementor-widget-container\">\n\t\t\t\t\t<h2 class=\"elementor-heading-title elementor-size-default\">You can also leave us a message<\/h2>\t\t\t\t<\/div>\n\t\t\t\t<\/div>\n\t\t\t\t<div class=\"elementor-element elementor-element-d6e4c0e elementor-widget elementor-widget-jet-engine-booking-form\" data-id=\"d6e4c0e\" data-element_type=\"widget\" data-widget_type=\"jet-engine-booking-form.default\">\n\t\t\t\t<div class=\"elementor-widget-container\">\n\t\t\t\t\t<style>.elementor-element-d6e4c0e{display:none !important}<\/style>\t\t\t\t<\/div>\n\t\t\t\t<\/div>\n\t\t\t\t<div class=\"elementor-element elementor-element-4c3e943 elementor-widget elementor-widget-jet-engine-booking-form\" data-id=\"4c3e943\" data-element_type=\"widget\" data-widget_type=\"jet-engine-booking-form.default\">\n\t\t\t\t<div class=\"elementor-widget-container\">\n\t\t\t\t\t<style id=\"jet-form-builder-4235-inline-css\"><\/style><form  class=\"jet-form-builder layout-column submit-type-ajax\" action=\"https:\/\/hotelrojascusco.com\/en\/wp-json\/wp\/v2\/pages\/41\/?thd225=eyrutBlWX8&amp;method=reload\" method=\"POST\" data-form-id=\"4235\" data-layout=\"column\" enctype=\"multipart\/form-data\" novalidate=\"null\" ssr_validation_method=\"rest\" data-trp-original-action=\"https:\/\/hotelrojascusco.com\/en\/wp-json\/wp\/v2\/pages\/41\/?thd225=eyrutBlWX8&amp;method=reload\"><input type=\"hidden\" id=\"_wpnonce\" name=\"_wpnonce\" value=\"1237bc355f\" \/><input type=\"hidden\" name=\"_wp_http_referer\" value=\"\/en\/wp-json\/wp\/v2\/pages\/41\" \/>\r\n<input type=\"hidden\" name=\"_jfb_current_render_states[]\" value=\"DEFAULT.STATE\" data-jfb-sync \/><input type=\"hidden\" class=\"jet-form-builder__field hidden-field\" name=\"_jet_engine_booking_form_id\" data-field-name=\"_jet_engine_booking_form_id\" value=\"4235\">\n<input type=\"hidden\" class=\"jet-form-builder__field hidden-field\" name=\"_jet_engine_refer\" data-field-name=\"_jet_engine_refer\" value=\"https:\/\/hotelrojascusco.com\/en\/wp-json\/wp\/v2\/pages\/41\/\">\n<input type=\"hidden\" class=\"jet-form-builder__field hidden-field\" name=\"__queried_post_id\" data-field-name=\"__queried_post_id\" value=\"41\">\n\n<div class=\"wp-block-columns is-layout-flex wp-container-core-columns-is-layout-28f84493 wp-block-columns-is-layout-flex\">\n<div class=\"wp-block-column is-layout-flow wp-block-column-is-layout-flow\"><div  class=\"jet-form-builder-row field-type-text-field\" >\n<div class=\"jet-form-builder__label\">\r\n<div class=\"jet-form-builder__label-text\">Names <span class=\"jet-form-builder__required\">*<\/span><\/div><\/div><div class=\"jet-form-builder__field-wrap\">\n\t\t\t\t<input required=\"required\" name=\"c_nombres\" id=\"c_nombres_1\" type=\"text\" data-field-name=\"c_nombres\" class=\"jet-form-builder__field text-field\" data-jfb-sync=\"null\" autocomplete=\"off_uACUJex0\">\n\t\t\t\t\t<\/div>\n<\/div><\/div>\n\n\n\n<div class=\"wp-block-column is-layout-flow wp-block-column-is-layout-flow\"><div  class=\"jet-form-builder-row field-type-text-field\" >\n<div class=\"jet-form-builder__label\">\r\n<div class=\"jet-form-builder__label-text\">Surnames <span class=\"jet-form-builder__required\">*<\/span><\/div><\/div><div class=\"jet-form-builder__field-wrap\">\n\t\t\t\t<input required=\"required\" name=\"c_apellidos\" id=\"c_apellidos_1\" type=\"text\" data-field-name=\"c_apellidos\" class=\"jet-form-builder__field text-field\" data-jfb-sync=\"null\" autocomplete=\"off_SzZrinTB\">\n\t\t\t\t\t<\/div>\n<\/div><\/div>\n<\/div>\n\n\n\n<div class=\"wp-block-columns is-layout-flex wp-container-core-columns-is-layout-28f84493 wp-block-columns-is-layout-flex\">\n<div class=\"wp-block-column is-layout-flow wp-block-column-is-layout-flow\"><div  class=\"jet-form-builder-row field-type-text-field\" >\n<div class=\"jet-form-builder__label\">\r\n<div class=\"jet-form-builder__label-text\">Telephone <span class=\"jet-form-builder__required\">*<\/span><\/div><\/div><div class=\"jet-form-builder__field-wrap\">\n\t\t\t\t<input required=\"required\" name=\"c_telefono\" id=\"c_telefono_1\" type=\"tel\" data-field-name=\"c_telefono\" class=\"jet-form-builder__field text-field\" data-jfb-sync=\"null\" autocomplete=\"off_ijvtJz4F\">\n\t\t\t\t\t<\/div>\n<\/div><\/div>\n\n\n\n<div class=\"wp-block-column is-layout-flow wp-block-column-is-layout-flow\"><div  class=\"jet-form-builder-row field-type-text-field\" >\n<div class=\"jet-form-builder__label\">\r\n<div class=\"jet-form-builder__label-text\">Email <span class=\"jet-form-builder__required\">*<\/span><\/div><\/div><div class=\"jet-form-builder__field-wrap\">\n\t\t\t\t<input required=\"required\" name=\"c_correo\" id=\"c_correo_1\" type=\"email\" data-field-name=\"c_correo\" class=\"jet-form-builder__field text-field\" data-jfb-sync=\"null\" autocomplete=\"off_P1KXb9J4\">\n\t\t\t\t\t<\/div>\n<\/div><\/div>\n<\/div>\n\n\n\n<div class=\"wp-block-columns is-layout-flex wp-container-core-columns-is-layout-28f84493 wp-block-columns-is-layout-flex\">\n<div class=\"wp-block-column is-layout-flow wp-block-column-is-layout-flow\"><div  class=\"jet-form-builder-row field-type-textarea-field\" >\n<div class=\"jet-form-builder__label\">\r\n<div class=\"jet-form-builder__label-text\">Message <span class=\"jet-form-builder__required\">*<\/span><\/div><\/div><div class=\"jet-form-builder__field-wrap\">\n\t\t<textarea class=\"jet-form-builder__field textarea-field\" required=\"required\" name=\"c_mensaje\" data-field-name=\"c_mensaje\" id=\"c_mensaje_1\" data-jfb-sync=\"null\"><\/textarea>\n\t<\/div>\n<\/div><\/div>\n<\/div>\n\n\n<input type=\"hidden\" class=\"captcha-token\" name=\"_captcha_token\" value=\"\"\/><div  class=\"jet-form-builder-row field-type-submit-field\" >\n\t<div data-type=\"submit\" class=\"jet-form-builder__action-button-wrapper jet-form-builder__submit-wrap\">\n\t<button class=\"jet-form-builder__action-button jet-form-builder__submit submit-type-ajax\" type=\"submit\">Send<\/button>\n\t<\/div>\n\t\n<\/div>\t<div class=\"jet-form-builder-messages-wrap\" data-form-id=\"4235\"><\/div>\n<input type=\"hidden\" name=\"trp-form-language\" value=\"en\"\/><\/form>\n\t\t\t\t<\/div>\n\t\t\t\t<\/div>\n\t\t\t\t\t<\/div>\n\t\t<\/div>\n\t\t\t\t\t<\/div>\n\t\t<\/section>\n\t\t\t\t<\/div>","protected":false},"excerpt":{"rendered":"<p>Cont\u00e1ctanos Rojas Cusco Hoteles Ponte contacto con nosotros a trav\u00e9s de nuestros canales de comunicaci\u00f3n. Tigre N\u00ba 129, Cusco +51 84 258736 (Of. Reservas) +51 983 763 104 reservas@hotelrojascusco.com Tambi\u00e9n puedes dejarnos un mensaje Nombres * Apellidos * Tel\u00e9fono * Correo electr\u00f3nico * Mensaje * Enviar Names * Surnames * Telephone * Email * Message [&hellip;]<\/p>","protected":false},"author":1,"featured_media":3685,"parent":0,"menu_order":0,"comment_status":"closed","ping_status":"closed","template":"","meta":{"site-sidebar-layout":"no-sidebar","site-content-layout":"default","ast-site-content-layout":"default","site-content-style":"default","site-sidebar-style":"default","ast-global-header-display":"","ast-banner-title-visibility":"","ast-main-header-display":"","ast-hfb-above-header-display":"","ast-hfb-below-header-display":"","ast-hfb-mobile-header-display":"","site-post-title":"","ast-breadcrumbs-content":"","ast-featured-img":"disabled","footer-sml-layout":"","theme-transparent-header-meta":"default","adv-header-id-meta":"","stick-header-meta":"","header-above-stick-meta":"","header-main-stick-meta":"","header-below-stick-meta":"","astra-migrate-meta-layouts":"default","ast-page-background-enabled":"default","ast-page-background-meta":{"desktop":{"background-color":"var(--ast-global-color-4)","background-image":"","background-repeat":"repeat","background-position":"center center","background-size":"auto","background-attachment":"scroll","background-type":"","background-media":"","overlay-type":"","overlay-color":"","overlay-opacity":"","overlay-gradient":""},"tablet":{"background-color":"","background-image":"","background-repeat":"repeat","background-position":"center center","background-size":"auto","background-attachment":"scroll","background-type":"","background-media":"","overlay-type":"","overlay-color":"","overlay-opacity":"","overlay-gradient":""},"mobile":{"background-color":"","background-image":"","background-repeat":"repeat","background-position":"center center","background-size":"auto","background-attachment":"scroll","background-type":"","background-media":"","overlay-type":"","overlay-color":"","overlay-opacity":"","overlay-gradient":""}},"ast-content-background-meta":{"desktop":{"background-color":"var(--ast-global-color-5)","background-image":"","background-repeat":"repeat","background-position":"center center","background-size":"auto","background-attachment":"scroll","background-type":"","background-media":"","overlay-type":"","overlay-color":"","overlay-opacity":"","overlay-gradient":""},"tablet":{"background-color":"var(--ast-global-color-5)","background-image":"","background-repeat":"repeat","background-position":"center center","background-size":"auto","background-attachment":"scroll","background-type":"","background-media":"","overlay-type":"","overlay-color":"","overlay-opacity":"","overlay-gradient":""},"mobile":{"background-color":"var(--ast-global-color-5)","background-image":"","background-repeat":"repeat","background-position":"center center","background-size":"auto","background-attachment":"scroll","background-type":"","background-media":"","overlay-type":"","overlay-color":"","overlay-opacity":"","overlay-gradient":""}},"_joinchat":[],"footnotes":""},"class_list":["post-41","page","type-page","status-publish","has-post-thumbnail","hentry"],"yoast_head":"<!-- This site is optimized with the Yoast SEO Premium plugin v19.2.1 (Yoast SEO v26.5) - https:\/\/yoast.com\/wordpress\/plugins\/seo\/ -->\n<title>Cont\u00e1ctanos - Rojas Cusco Hoteles<\/title>\n<meta name=\"description\" content=\"Si deseas realizar una reserva en el hotel Rojas Inn, ponte contacto con nosotros a trav\u00e9s de nuestros canales de comunicaci\u00f3n.\" \/>\n<meta name=\"robots\" content=\"index, follow, max-snippet:-1, max-image-preview:large, max-video-preview:-1\" \/>\n<link rel=\"canonical\" href=\"https:\/\/hotelrojascusco.com\/en\/contact-us\/\" \/>\n<meta property=\"og:locale\" content=\"en_US\" \/>\n<meta property=\"og:type\" content=\"article\" \/>\n<meta property=\"og:title\" content=\"Cont\u00e1ctanos\" \/>\n<meta property=\"og:description\" content=\"Si deseas realizar una reserva en el hotel Rojas Inn, ponte contacto con nosotros a trav\u00e9s de nuestros canales de comunicaci\u00f3n.\" \/>\n<meta property=\"og:url\" content=\"https:\/\/hotelrojascusco.com\/en\/contact-us\/\" \/>\n<meta property=\"og:site_name\" content=\"Rojas Cusco Hoteles\" \/>\n<meta property=\"article:modified_time\" content=\"2025-12-05T22:45:51+00:00\" \/>\n<meta property=\"og:image\" content=\"https:\/\/hotelrojascusco.com\/wp-content\/uploads\/2022\/07\/home-paquete-especial.jpg\" \/>\n\t<meta property=\"og:image:width\" content=\"1920\" \/>\n\t<meta property=\"og:image:height\" content=\"1080\" \/>\n\t<meta property=\"og:image:type\" content=\"image\/jpeg\" \/>\n<meta name=\"twitter:card\" content=\"summary_large_image\" \/>\n<meta name=\"twitter:description\" content=\"Si deseas realizar una reserva en el hotel Rojas Inn, ponte contacto con nosotros a trav\u00e9s de nuestros canales de comunicaci\u00f3n.\" \/>\n<meta name=\"twitter:label1\" content=\"Est. reading time\" \/>\n\t<meta name=\"twitter:data1\" content=\"1 minute\" \/>\n<script type=\"application\/ld+json\" class=\"yoast-schema-graph\">{\"@context\":\"https:\/\/schema.org\",\"@graph\":[{\"@type\":\"WebPage\",\"@id\":\"https:\/\/hotelrojascusco.com\/contact-us\/\",\"url\":\"https:\/\/hotelrojascusco.com\/contact-us\/\",\"name\":\"Cont\u00e1ctanos - Rojas Cusco Hoteles\",\"isPartOf\":{\"@id\":\"https:\/\/hotelrojascusco.com\/#website\"},\"primaryImageOfPage\":{\"@id\":\"https:\/\/hotelrojascusco.com\/contact-us\/#primaryimage\"},\"image\":{\"@id\":\"https:\/\/hotelrojascusco.com\/contact-us\/#primaryimage\"},\"thumbnailUrl\":\"https:\/\/hotelrojascusco.com\/wp-content\/uploads\/2022\/07\/home-paquete-especial.jpg\",\"datePublished\":\"2020-03-12T12:24:00+00:00\",\"dateModified\":\"2025-12-05T22:45:51+00:00\",\"description\":\"Si deseas realizar una reserva en el hotel Rojas Inn, ponte contacto con nosotros a trav\u00e9s de nuestros canales de comunicaci\u00f3n.\",\"breadcrumb\":{\"@id\":\"https:\/\/hotelrojascusco.com\/contact-us\/#breadcrumb\"},\"inLanguage\":\"en-US\",\"potentialAction\":[{\"@type\":\"ReadAction\",\"target\":[\"https:\/\/hotelrojascusco.com\/contact-us\/\"]}]},{\"@type\":\"ImageObject\",\"inLanguage\":\"en-US\",\"@id\":\"https:\/\/hotelrojascusco.com\/contact-us\/#primaryimage\",\"url\":\"https:\/\/hotelrojascusco.com\/wp-content\/uploads\/2022\/07\/home-paquete-especial.jpg\",\"contentUrl\":\"https:\/\/hotelrojascusco.com\/wp-content\/uploads\/2022\/07\/home-paquete-especial.jpg\",\"width\":1920,\"height\":1080},{\"@type\":\"BreadcrumbList\",\"@id\":\"https:\/\/hotelrojascusco.com\/contact-us\/#breadcrumb\",\"itemListElement\":[{\"@type\":\"ListItem\",\"position\":1,\"name\":\"Portada\",\"item\":\"https:\/\/hotelrojascusco.com\/\"},{\"@type\":\"ListItem\",\"position\":2,\"name\":\"Cont\u00e1ctanos\"}]},{\"@type\":\"WebSite\",\"@id\":\"https:\/\/hotelrojascusco.com\/#website\",\"url\":\"https:\/\/hotelrojascusco.com\/\",\"name\":\"Rojas Cusco Hoteles\",\"description\":\"Hoteles cerca a la plaza de armas de Cusco\",\"publisher\":{\"@id\":\"https:\/\/hotelrojascusco.com\/#organization\"},\"potentialAction\":[{\"@type\":\"SearchAction\",\"target\":{\"@type\":\"EntryPoint\",\"urlTemplate\":\"https:\/\/hotelrojascusco.com\/?s={search_term_string}\"},\"query-input\":{\"@type\":\"PropertyValueSpecification\",\"valueRequired\":true,\"valueName\":\"search_term_string\"}}],\"inLanguage\":\"en-US\"},{\"@type\":\"Organization\",\"@id\":\"https:\/\/hotelrojascusco.com\/#organization\",\"name\":\"Rojas Cusco Hoteles\",\"url\":\"https:\/\/hotelrojascusco.com\/\",\"logo\":{\"@type\":\"ImageObject\",\"inLanguage\":\"en-US\",\"@id\":\"https:\/\/hotelrojascusco.com\/#\/schema\/logo\/image\/\",\"url\":\"https:\/\/hotelrojascusco.com\/wp-content\/uploads\/2025\/01\/logo-rojas-cusco-hoteles.webp\",\"contentUrl\":\"https:\/\/hotelrojascusco.com\/wp-content\/uploads\/2025\/01\/logo-rojas-cusco-hoteles.webp\",\"width\":376,\"height\":459,\"caption\":\"Rojas Cusco Hoteles\"},\"image\":{\"@id\":\"https:\/\/hotelrojascusco.com\/#\/schema\/logo\/image\/\"}}]}<\/script>\n<!-- \/ Yoast SEO Premium plugin. -->","yoast_head_json":{"title":"Cont\u00e1ctanos - Rojas Cusco Hoteles","description":"Si deseas realizar una reserva en el hotel Rojas Inn, ponte contacto con nosotros a trav\u00e9s de nuestros canales de comunicaci\u00f3n.","robots":{"index":"index","follow":"follow","max-snippet":"max-snippet:-1","max-image-preview":"max-image-preview:large","max-video-preview":"max-video-preview:-1"},"canonical":"https:\/\/hotelrojascusco.com\/en\/contact-us\/","og_locale":"en_US","og_type":"article","og_title":"Cont\u00e1ctanos","og_description":"Si deseas realizar una reserva en el hotel Rojas Inn, ponte contacto con nosotros a trav\u00e9s de nuestros canales de comunicaci\u00f3n.","og_url":"https:\/\/hotelrojascusco.com\/en\/contact-us\/","og_site_name":"Rojas Cusco Hoteles","article_modified_time":"2025-12-05T22:45:51+00:00","og_image":[{"width":1920,"height":1080,"url":"https:\/\/hotelrojascusco.com\/wp-content\/uploads\/2022\/07\/home-paquete-especial.jpg","type":"image\/jpeg"}],"twitter_card":"summary_large_image","twitter_description":"Si deseas realizar una reserva en el hotel Rojas Inn, ponte contacto con nosotros a trav\u00e9s de nuestros canales de comunicaci\u00f3n.","twitter_misc":{"Est. reading time":"1 minute"},"schema":{"@context":"https:\/\/schema.org","@graph":[{"@type":"WebPage","@id":"https:\/\/hotelrojascusco.com\/contact-us\/","url":"https:\/\/hotelrojascusco.com\/contact-us\/","name":"Cont\u00e1ctanos - Rojas Cusco Hoteles","isPartOf":{"@id":"https:\/\/hotelrojascusco.com\/#website"},"primaryImageOfPage":{"@id":"https:\/\/hotelrojascusco.com\/contact-us\/#primaryimage"},"image":{"@id":"https:\/\/hotelrojascusco.com\/contact-us\/#primaryimage"},"thumbnailUrl":"https:\/\/hotelrojascusco.com\/wp-content\/uploads\/2022\/07\/home-paquete-especial.jpg","datePublished":"2020-03-12T12:24:00+00:00","dateModified":"2025-12-05T22:45:51+00:00","description":"Si deseas realizar una reserva en el hotel Rojas Inn, ponte contacto con nosotros a trav\u00e9s de nuestros canales de comunicaci\u00f3n.","breadcrumb":{"@id":"https:\/\/hotelrojascusco.com\/contact-us\/#breadcrumb"},"inLanguage":"en-US","potentialAction":[{"@type":"ReadAction","target":["https:\/\/hotelrojascusco.com\/contact-us\/"]}]},{"@type":"ImageObject","inLanguage":"en-US","@id":"https:\/\/hotelrojascusco.com\/contact-us\/#primaryimage","url":"https:\/\/hotelrojascusco.com\/wp-content\/uploads\/2022\/07\/home-paquete-especial.jpg","contentUrl":"https:\/\/hotelrojascusco.com\/wp-content\/uploads\/2022\/07\/home-paquete-especial.jpg","width":1920,"height":1080},{"@type":"BreadcrumbList","@id":"https:\/\/hotelrojascusco.com\/contact-us\/#breadcrumb","itemListElement":[{"@type":"ListItem","position":1,"name":"Portada","item":"https:\/\/hotelrojascusco.com\/"},{"@type":"ListItem","position":2,"name":"Cont\u00e1ctanos"}]},{"@type":"WebSite","@id":"https:\/\/hotelrojascusco.com\/#website","url":"https:\/\/hotelrojascusco.com\/","name":"Rojas Cusco Hoteles","description":"Hoteles cerca a la plaza de armas de Cusco","publisher":{"@id":"https:\/\/hotelrojascusco.com\/#organization"},"potentialAction":[{"@type":"SearchAction","target":{"@type":"EntryPoint","urlTemplate":"https:\/\/hotelrojascusco.com\/?s={search_term_string}"},"query-input":{"@type":"PropertyValueSpecification","valueRequired":true,"valueName":"search_term_string"}}],"inLanguage":"en-US"},{"@type":"Organization","@id":"https:\/\/hotelrojascusco.com\/#organization","name":"Rojas Cusco Hoteles","url":"https:\/\/hotelrojascusco.com\/","logo":{"@type":"ImageObject","inLanguage":"en-US","@id":"https:\/\/hotelrojascusco.com\/#\/schema\/logo\/image\/","url":"https:\/\/hotelrojascusco.com\/wp-content\/uploads\/2025\/01\/logo-rojas-cusco-hoteles.webp","contentUrl":"https:\/\/hotelrojascusco.com\/wp-content\/uploads\/2025\/01\/logo-rojas-cusco-hoteles.webp","width":376,"height":459,"caption":"Rojas Cusco Hoteles"},"image":{"@id":"https:\/\/hotelrojascusco.com\/#\/schema\/logo\/image\/"}}]}},"_links":{"self":[{"href":"https:\/\/hotelrojascusco.com\/en\/wp-json\/wp\/v2\/pages\/41","targetHints":{"allow":["GET"]}}],"collection":[{"href":"https:\/\/hotelrojascusco.com\/en\/wp-json\/wp\/v2\/pages"}],"about":[{"href":"https:\/\/hotelrojascusco.com\/en\/wp-json\/wp\/v2\/types\/page"}],"author":[{"embeddable":true,"href":"https:\/\/hotelrojascusco.com\/en\/wp-json\/wp\/v2\/users\/1"}],"replies":[{"embeddable":true,"href":"https:\/\/hotelrojascusco.com\/en\/wp-json\/wp\/v2\/comments?post=41"}],"version-history":[{"count":15,"href":"https:\/\/hotelrojascusco.com\/en\/wp-json\/wp\/v2\/pages\/41\/revisions"}],"predecessor-version":[{"id":5570,"href":"https:\/\/hotelrojascusco.com\/en\/wp-json\/wp\/v2\/pages\/41\/revisions\/5570"}],"wp:featuredmedia":[{"embeddable":true,"href":"https:\/\/hotelrojascusco.com\/en\/wp-json\/wp\/v2\/media\/3685"}],"wp:attachment":[{"href":"https:\/\/hotelrojascusco.com\/en\/wp-json\/wp\/v2\/media?parent=41"}],"curies":[{"name":"wp","href":"https:\/\/api.w.org\/{rel}","templated":true}]}}