{"id":3839,"date":"2022-09-01T12:39:35","date_gmt":"2022-09-01T17:39:35","guid":{"rendered":"https:\/\/hotelrojascusco.com\/?page_id=3839"},"modified":"2023-01-19T16:57:32","modified_gmt":"2023-01-19T21:57:32","slug":"gallery","status":"publish","type":"page","link":"https:\/\/hotelrojascusco.com\/en\/gallery\/","title":{"rendered":"Gallery"},"content":{"rendered":"<div data-elementor-type=\"wp-page\" data-elementor-id=\"3839\" class=\"elementor elementor-3839\" data-elementor-post-type=\"page\">\n\t\t\t\t\t\t<section class=\"elementor-section elementor-top-section elementor-element elementor-element-62482a7 elementor-section-boxed elementor-section-height-default elementor-section-height-default\" data-id=\"62482a7\" data-element_type=\"section\" data-settings=\"{&quot;jet_parallax_layout_list&quot;:[{&quot;jet_parallax_layout_image&quot;:{&quot;url&quot;:&quot;&quot;,&quot;id&quot;:&quot;&quot;,&quot;size&quot;:&quot;&quot;},&quot;_id&quot;:&quot;cabce4a&quot;,&quot;jet_parallax_layout_image_tablet&quot;:{&quot;url&quot;:&quot;&quot;,&quot;id&quot;:&quot;&quot;,&quot;size&quot;:&quot;&quot;},&quot;jet_parallax_layout_image_mobile&quot;:{&quot;url&quot;:&quot;&quot;,&quot;id&quot;:&quot;&quot;,&quot;size&quot;:&quot;&quot;},&quot;jet_parallax_layout_speed&quot;:{&quot;unit&quot;:&quot;%&quot;,&quot;size&quot;:50,&quot;sizes&quot;:[]},&quot;jet_parallax_layout_type&quot;:&quot;scroll&quot;,&quot;jet_parallax_layout_direction&quot;:&quot;1&quot;,&quot;jet_parallax_layout_fx_direction&quot;:null,&quot;jet_parallax_layout_z_index&quot;:&quot;&quot;,&quot;jet_parallax_layout_bg_x&quot;:50,&quot;jet_parallax_layout_bg_x_tablet&quot;:&quot;&quot;,&quot;jet_parallax_layout_bg_x_mobile&quot;:&quot;&quot;,&quot;jet_parallax_layout_bg_y&quot;:50,&quot;jet_parallax_layout_bg_y_tablet&quot;:&quot;&quot;,&quot;jet_parallax_layout_bg_y_mobile&quot;:&quot;&quot;,&quot;jet_parallax_layout_bg_size&quot;:&quot;auto&quot;,&quot;jet_parallax_layout_bg_size_tablet&quot;:&quot;&quot;,&quot;jet_parallax_layout_bg_size_mobile&quot;:&quot;&quot;,&quot;jet_parallax_layout_animation_prop&quot;:&quot;transform&quot;,&quot;jet_parallax_layout_on&quot;:[&quot;desktop&quot;,&quot;tablet&quot;]}],&quot;background_background&quot;:&quot;classic&quot;}\">\n\t\t\t\t\t\t<div class=\"elementor-container elementor-column-gap-no\">\n\t\t\t\t\t<div class=\"elementor-column elementor-col-100 elementor-top-column elementor-element elementor-element-948294e\" data-id=\"948294e\" data-element_type=\"column\">\n\t\t\t<div class=\"elementor-widget-wrap elementor-element-populated\">\n\t\t\t\t\t\t<div class=\"elementor-element elementor-element-dda1725 elementor-widget elementor-widget-heading\" data-id=\"dda1725\" data-element_type=\"widget\" data-widget_type=\"heading.default\">\n\t\t\t\t<div class=\"elementor-widget-container\">\n\t\t\t\t\t<h4 class=\"elementor-heading-title elementor-size-default\">Explore all areas <\/h4>\t\t\t\t<\/div>\n\t\t\t\t<\/div>\n\t\t\t\t<div class=\"elementor-element elementor-element-811ae39 elementor-widget elementor-widget-heading\" data-id=\"811ae39\" data-element_type=\"widget\" data-widget_type=\"heading.default\">\n\t\t\t\t<div class=\"elementor-widget-container\">\n\t\t\t\t\t<h2 class=\"elementor-heading-title elementor-size-default\">Rojas Inn Hotel<\/h2>\t\t\t\t<\/div>\n\t\t\t\t<\/div>\n\t\t\t\t<div class=\"elementor-element elementor-element-f79ab0a elementor-widget elementor-widget-spacer\" data-id=\"f79ab0a\" data-element_type=\"widget\" data-widget_type=\"spacer.default\">\n\t\t\t\t<div class=\"elementor-widget-container\">\n\t\t\t\t\t\t\t<div class=\"elementor-spacer\">\n\t\t\t<div class=\"elementor-spacer-inner\"><\/div>\n\t\t<\/div>\n\t\t\t\t\t\t<\/div>\n\t\t\t\t<\/div>\n\t\t\t\t<div class=\"elementor-element elementor-element-eb6dd87 elementor-widget elementor-widget-jet-portfolio\" data-id=\"eb6dd87\" data-element_type=\"widget\" data-settings=\"{&quot;columns&quot;:&quot;4&quot;,&quot;columns_tablet&quot;:&quot;3&quot;,&quot;columns_mobile&quot;:&quot;2&quot;}\" data-widget_type=\"jet-portfolio.default\">\n\t\t\t\t<div class=\"elementor-widget-container\">\n\t\t\t\t\t<div class=\"elementor-jet-portfolio jet-elements\">\n<div class=\"jet-portfolio layout-type-masonry preset-type-1 layout-desktop-column-4 layout-tablet-column-3 layout-mobile-column-2\" data-settings=\"{&quot;layoutType&quot;:&quot;masonry&quot;,&quot;perPage&quot;:6}\"><div class=\"jet-portfolio__filter\"><div class=\"jet-portfolio__filter-list\"><div class=\"jet-portfolio__filter-item active\" data-slug=\"all\"><span>All<\/span><\/div><span class=\"jet-portfolio__filter-item-separator jet-elements-icon\"><i aria-hidden=\"true\" class=\"fas fa-circle\"><\/i><\/span><div class=\"jet-portfolio__filter-item\" data-slug=\"uno\"><span>uno<\/span><\/div><\/div><\/div><div class=\"jet-portfolio__list\"><article class=\"jet-portfolio__item visible-status\" data-slug=\"{&quot;0&quot;:&quot;all&quot;,&quot;1&quot;:&quot;uno&quot;}\">\n\t<div class=\"jet-portfolio__inner\">\n\t\t<a class=\"jet-portfolio__link\" href=\"https:\/\/hotelrojascusco.com\/wp-content\/plugins\/elementor\/assets\/images\/placeholder.png\" data-elementor-open-lightbox=\"yes\">\n\t\t\t<div class=\"jet-portfolio__image\">\n\t\t\t\t<img loading=\"lazy\" decoding=\"async\" class=\"jet-portfolio__image-instance\" src=\"https:\/\/hotelrojascusco.com\/wp-content\/plugins\/elementor\/assets\/images\/placeholder.png\" width=\"1200\" height=\"800\"  alt=\"\">\t\t\t\t<div class=\"jet-portfolio__image-loader\"><span><\/span><\/div>\n\t\t\t<\/div>\n\t\t<\/a>\n\t\t<div class=\"jet-portfolio__content\">\n\t\t\t<div class=\"jet-portfolio__content-inner\"><h4 class=\"jet-portfolio__title\">Image #1<\/h4><h6 class=\"jet-portfolio__category\">uno<\/h6><p class=\"jet-portfolio__desc\">Lorem ipsum dolor sit amet, consectetur adipiscing elit.<\/p><\/div>\n\t\t<\/div>\n\n\t<\/div>\n<\/article>\n<\/div><\/div>\n<\/div>\t\t\t\t<\/div>\n\t\t\t\t<\/div>\n\t\t\t\t\t<\/div>\n\t\t<\/div>\n\t\t\t\t\t<\/div>\n\t\t<\/section>\n\t\t\t\t<\/div>","protected":false},"excerpt":{"rendered":"<p>Explora todas las \u00e1reas Hotel Rojas Inn Todos\u00c1reasSimplesMatrimonialesTriplesCu\u00e1druplesSuites Patio principal \u00c1reas Estar y comedor \u00c1reas Arco de piedra \u00c1reas Barra \u00c1reas Comedor atardecer \u00c1reas Estar \u00c1reas Estar segundo patio \u00c1reas Pasillos segundo patio \u00c1reas Habitaci\u00f3n simple Simples Habitaci\u00f3n simple Simples Habitaci\u00f3n simple Simples Habitaci\u00f3n simple Simples Habitaci\u00f3n doble Simples Habitaci\u00f3n doble Simples Habitaci\u00f3n doble Simples [&hellip;]<\/p>","protected":false},"author":1,"featured_media":3877,"parent":0,"menu_order":0,"comment_status":"closed","ping_status":"closed","template":"","meta":{"site-sidebar-layout":"no-sidebar","site-content-layout":"page-builder","ast-site-content-layout":"default","site-content-style":"default","site-sidebar-style":"default","ast-global-header-display":"","ast-banner-title-visibility":"","ast-main-header-display":"","ast-hfb-above-header-display":"","ast-hfb-below-header-display":"","ast-hfb-mobile-header-display":"","site-post-title":"disabled","ast-breadcrumbs-content":"","ast-featured-img":"disabled","footer-sml-layout":"","theme-transparent-header-meta":"default","adv-header-id-meta":"","stick-header-meta":"","header-above-stick-meta":"","header-main-stick-meta":"","header-below-stick-meta":"","astra-migrate-meta-layouts":"default","ast-page-background-enabled":"default","ast-page-background-meta":{"desktop":{"background-color":"var(--ast-global-color-4)","background-image":"","background-repeat":"repeat","background-position":"center center","background-size":"auto","background-attachment":"scroll","background-type":"","background-media":"","overlay-type":"","overlay-color":"","overlay-opacity":"","overlay-gradient":""},"tablet":{"background-color":"","background-image":"","background-repeat":"repeat","background-position":"center center","background-size":"auto","background-attachment":"scroll","background-type":"","background-media":"","overlay-type":"","overlay-color":"","overlay-opacity":"","overlay-gradient":""},"mobile":{"background-color":"","background-image":"","background-repeat":"repeat","background-position":"center center","background-size":"auto","background-attachment":"scroll","background-type":"","background-media":"","overlay-type":"","overlay-color":"","overlay-opacity":"","overlay-gradient":""}},"ast-content-background-meta":{"desktop":{"background-color":"var(--ast-global-color-5)","background-image":"","background-repeat":"repeat","background-position":"center center","background-size":"auto","background-attachment":"scroll","background-type":"","background-media":"","overlay-type":"","overlay-color":"","overlay-opacity":"","overlay-gradient":""},"tablet":{"background-color":"var(--ast-global-color-5)","background-image":"","background-repeat":"repeat","background-position":"center center","background-size":"auto","background-attachment":"scroll","background-type":"","background-media":"","overlay-type":"","overlay-color":"","overlay-opacity":"","overlay-gradient":""},"mobile":{"background-color":"var(--ast-global-color-5)","background-image":"","background-repeat":"repeat","background-position":"center center","background-size":"auto","background-attachment":"scroll","background-type":"","background-media":"","overlay-type":"","overlay-color":"","overlay-opacity":"","overlay-gradient":""}},"_joinchat":[],"footnotes":""},"class_list":["post-3839","page","type-page","status-publish","has-post-thumbnail","hentry"],"yoast_head":"<!-- This site is optimized with the Yoast SEO Premium plugin v19.2.1 (Yoast SEO v26.5) - https:\/\/yoast.com\/wordpress\/plugins\/seo\/ -->\n<title>Galer\u00eda - Rojas Cusco Hoteles<\/title>\n<meta name=\"description\" content=\"Para disfrutar del buen confort y el buen servicio de Hotel Rojas Inn Cusco, conoce sus \u00e1reas, instalaciones y habitaciones coloniales.\" \/>\n<meta name=\"robots\" content=\"index, follow, max-snippet:-1, max-image-preview:large, max-video-preview:-1\" \/>\n<link rel=\"canonical\" href=\"https:\/\/hotelrojascusco.com\/en\/gallery\/\" \/>\n<meta property=\"og:locale\" content=\"en_US\" \/>\n<meta property=\"og:type\" content=\"article\" \/>\n<meta property=\"og:title\" content=\"Galer\u00eda\" \/>\n<meta property=\"og:description\" content=\"Para disfrutar del buen confort y el buen servicio de Hotel Rojas Inn Cusco, conoce sus \u00e1reas, instalaciones y habitaciones coloniales.\" \/>\n<meta property=\"og:url\" content=\"https:\/\/hotelrojascusco.com\/en\/gallery\/\" \/>\n<meta property=\"og:site_name\" content=\"Rojas Cusco Hoteles\" \/>\n<meta property=\"article:modified_time\" content=\"2023-01-19T21:57:32+00:00\" \/>\n<meta property=\"og:image\" content=\"https:\/\/hotelrojascusco.com\/wp-content\/uploads\/2022\/09\/areas-comunes_00-patio-principal.jpg\" \/>\n\t<meta property=\"og:image:width\" content=\"1499\" \/>\n\t<meta property=\"og:image:height\" content=\"1000\" \/>\n\t<meta property=\"og:image:type\" content=\"image\/jpeg\" \/>\n<meta name=\"twitter:card\" content=\"summary_large_image\" \/>\n<meta name=\"twitter:description\" content=\"Para disfrutar del buen confort y el buen servicio de Hotel Rojas Inn Cusco, conoce sus \u00e1reas, instalaciones y habitaciones coloniales.\" \/>\n<meta name=\"twitter:label1\" content=\"Est. reading time\" \/>\n\t<meta name=\"twitter:data1\" content=\"12 minutes\" \/>\n<script type=\"application\/ld+json\" class=\"yoast-schema-graph\">{\"@context\":\"https:\/\/schema.org\",\"@graph\":[{\"@type\":\"WebPage\",\"@id\":\"https:\/\/hotelrojascusco.com\/gallery\/\",\"url\":\"https:\/\/hotelrojascusco.com\/gallery\/\",\"name\":\"Galer\u00eda - Rojas Cusco Hoteles\",\"isPartOf\":{\"@id\":\"https:\/\/hotelrojascusco.com\/#website\"},\"primaryImageOfPage\":{\"@id\":\"https:\/\/hotelrojascusco.com\/gallery\/#primaryimage\"},\"image\":{\"@id\":\"https:\/\/hotelrojascusco.com\/gallery\/#primaryimage\"},\"thumbnailUrl\":\"https:\/\/hotelrojascusco.com\/wp-content\/uploads\/2022\/09\/areas-comunes_00-patio-principal.jpg\",\"datePublished\":\"2022-09-01T17:39:35+00:00\",\"dateModified\":\"2023-01-19T21:57:32+00:00\",\"description\":\"Para disfrutar del buen confort y el buen servicio de Hotel Rojas Inn Cusco, conoce sus \u00e1reas, instalaciones y habitaciones coloniales.\",\"breadcrumb\":{\"@id\":\"https:\/\/hotelrojascusco.com\/gallery\/#breadcrumb\"},\"inLanguage\":\"en-US\",\"potentialAction\":[{\"@type\":\"ReadAction\",\"target\":[\"https:\/\/hotelrojascusco.com\/gallery\/\"]}]},{\"@type\":\"ImageObject\",\"inLanguage\":\"en-US\",\"@id\":\"https:\/\/hotelrojascusco.com\/gallery\/#primaryimage\",\"url\":\"https:\/\/hotelrojascusco.com\/wp-content\/uploads\/2022\/09\/areas-comunes_00-patio-principal.jpg\",\"contentUrl\":\"https:\/\/hotelrojascusco.com\/wp-content\/uploads\/2022\/09\/areas-comunes_00-patio-principal.jpg\",\"width\":1499,\"height\":1000,\"caption\":\"Hotel Rojas Inn\"},{\"@type\":\"BreadcrumbList\",\"@id\":\"https:\/\/hotelrojascusco.com\/gallery\/#breadcrumb\",\"itemListElement\":[{\"@type\":\"ListItem\",\"position\":1,\"name\":\"Portada\",\"item\":\"https:\/\/hotelrojascusco.com\/\"},{\"@type\":\"ListItem\",\"position\":2,\"name\":\"Galer\u00eda\"}]},{\"@type\":\"WebSite\",\"@id\":\"https:\/\/hotelrojascusco.com\/#website\",\"url\":\"https:\/\/hotelrojascusco.com\/\",\"name\":\"Rojas Cusco Hoteles\",\"description\":\"Hoteles cerca a la plaza de armas de Cusco\",\"publisher\":{\"@id\":\"https:\/\/hotelrojascusco.com\/#organization\"},\"potentialAction\":[{\"@type\":\"SearchAction\",\"target\":{\"@type\":\"EntryPoint\",\"urlTemplate\":\"https:\/\/hotelrojascusco.com\/?s={search_term_string}\"},\"query-input\":{\"@type\":\"PropertyValueSpecification\",\"valueRequired\":true,\"valueName\":\"search_term_string\"}}],\"inLanguage\":\"en-US\"},{\"@type\":\"Organization\",\"@id\":\"https:\/\/hotelrojascusco.com\/#organization\",\"name\":\"Rojas Cusco Hoteles\",\"url\":\"https:\/\/hotelrojascusco.com\/\",\"logo\":{\"@type\":\"ImageObject\",\"inLanguage\":\"en-US\",\"@id\":\"https:\/\/hotelrojascusco.com\/#\/schema\/logo\/image\/\",\"url\":\"https:\/\/hotelrojascusco.com\/wp-content\/uploads\/2025\/01\/logo-rojas-cusco-hoteles.webp\",\"contentUrl\":\"https:\/\/hotelrojascusco.com\/wp-content\/uploads\/2025\/01\/logo-rojas-cusco-hoteles.webp\",\"width\":376,\"height\":459,\"caption\":\"Rojas Cusco Hoteles\"},\"image\":{\"@id\":\"https:\/\/hotelrojascusco.com\/#\/schema\/logo\/image\/\"}}]}<\/script>\n<!-- \/ Yoast SEO Premium plugin. -->","yoast_head_json":{"title":"Galer\u00eda - Rojas Cusco Hoteles","description":"Para disfrutar del buen confort y el buen servicio de Hotel Rojas Inn Cusco, conoce sus \u00e1reas, instalaciones y habitaciones coloniales.","robots":{"index":"index","follow":"follow","max-snippet":"max-snippet:-1","max-image-preview":"max-image-preview:large","max-video-preview":"max-video-preview:-1"},"canonical":"https:\/\/hotelrojascusco.com\/en\/gallery\/","og_locale":"en_US","og_type":"article","og_title":"Galer\u00eda","og_description":"Para disfrutar del buen confort y el buen servicio de Hotel Rojas Inn Cusco, conoce sus \u00e1reas, instalaciones y habitaciones coloniales.","og_url":"https:\/\/hotelrojascusco.com\/en\/gallery\/","og_site_name":"Rojas Cusco Hoteles","article_modified_time":"2023-01-19T21:57:32+00:00","og_image":[{"width":1499,"height":1000,"url":"https:\/\/hotelrojascusco.com\/wp-content\/uploads\/2022\/09\/areas-comunes_00-patio-principal.jpg","type":"image\/jpeg"}],"twitter_card":"summary_large_image","twitter_description":"Para disfrutar del buen confort y el buen servicio de Hotel Rojas Inn Cusco, conoce sus \u00e1reas, instalaciones y habitaciones coloniales.","twitter_misc":{"Est. reading time":"12 minutes"},"schema":{"@context":"https:\/\/schema.org","@graph":[{"@type":"WebPage","@id":"https:\/\/hotelrojascusco.com\/gallery\/","url":"https:\/\/hotelrojascusco.com\/gallery\/","name":"Galer\u00eda - Rojas Cusco Hoteles","isPartOf":{"@id":"https:\/\/hotelrojascusco.com\/#website"},"primaryImageOfPage":{"@id":"https:\/\/hotelrojascusco.com\/gallery\/#primaryimage"},"image":{"@id":"https:\/\/hotelrojascusco.com\/gallery\/#primaryimage"},"thumbnailUrl":"https:\/\/hotelrojascusco.com\/wp-content\/uploads\/2022\/09\/areas-comunes_00-patio-principal.jpg","datePublished":"2022-09-01T17:39:35+00:00","dateModified":"2023-01-19T21:57:32+00:00","description":"Para disfrutar del buen confort y el buen servicio de Hotel Rojas Inn Cusco, conoce sus \u00e1reas, instalaciones y habitaciones coloniales.","breadcrumb":{"@id":"https:\/\/hotelrojascusco.com\/gallery\/#breadcrumb"},"inLanguage":"en-US","potentialAction":[{"@type":"ReadAction","target":["https:\/\/hotelrojascusco.com\/gallery\/"]}]},{"@type":"ImageObject","inLanguage":"en-US","@id":"https:\/\/hotelrojascusco.com\/gallery\/#primaryimage","url":"https:\/\/hotelrojascusco.com\/wp-content\/uploads\/2022\/09\/areas-comunes_00-patio-principal.jpg","contentUrl":"https:\/\/hotelrojascusco.com\/wp-content\/uploads\/2022\/09\/areas-comunes_00-patio-principal.jpg","width":1499,"height":1000,"caption":"Hotel Rojas Inn"},{"@type":"BreadcrumbList","@id":"https:\/\/hotelrojascusco.com\/gallery\/#breadcrumb","itemListElement":[{"@type":"ListItem","position":1,"name":"Portada","item":"https:\/\/hotelrojascusco.com\/"},{"@type":"ListItem","position":2,"name":"Galer\u00eda"}]},{"@type":"WebSite","@id":"https:\/\/hotelrojascusco.com\/#website","url":"https:\/\/hotelrojascusco.com\/","name":"Rojas Cusco Hoteles","description":"Hoteles cerca a la plaza de armas de Cusco","publisher":{"@id":"https:\/\/hotelrojascusco.com\/#organization"},"potentialAction":[{"@type":"SearchAction","target":{"@type":"EntryPoint","urlTemplate":"https:\/\/hotelrojascusco.com\/?s={search_term_string}"},"query-input":{"@type":"PropertyValueSpecification","valueRequired":true,"valueName":"search_term_string"}}],"inLanguage":"en-US"},{"@type":"Organization","@id":"https:\/\/hotelrojascusco.com\/#organization","name":"Rojas Cusco Hoteles","url":"https:\/\/hotelrojascusco.com\/","logo":{"@type":"ImageObject","inLanguage":"en-US","@id":"https:\/\/hotelrojascusco.com\/#\/schema\/logo\/image\/","url":"https:\/\/hotelrojascusco.com\/wp-content\/uploads\/2025\/01\/logo-rojas-cusco-hoteles.webp","contentUrl":"https:\/\/hotelrojascusco.com\/wp-content\/uploads\/2025\/01\/logo-rojas-cusco-hoteles.webp","width":376,"height":459,"caption":"Rojas Cusco Hoteles"},"image":{"@id":"https:\/\/hotelrojascusco.com\/#\/schema\/logo\/image\/"}}]}},"_links":{"self":[{"href":"https:\/\/hotelrojascusco.com\/en\/wp-json\/wp\/v2\/pages\/3839","targetHints":{"allow":["GET"]}}],"collection":[{"href":"https:\/\/hotelrojascusco.com\/en\/wp-json\/wp\/v2\/pages"}],"about":[{"href":"https:\/\/hotelrojascusco.com\/en\/wp-json\/wp\/v2\/types\/page"}],"author":[{"embeddable":true,"href":"https:\/\/hotelrojascusco.com\/en\/wp-json\/wp\/v2\/users\/1"}],"replies":[{"embeddable":true,"href":"https:\/\/hotelrojascusco.com\/en\/wp-json\/wp\/v2\/comments?post=3839"}],"version-history":[{"count":0,"href":"https:\/\/hotelrojascusco.com\/en\/wp-json\/wp\/v2\/pages\/3839\/revisions"}],"wp:featuredmedia":[{"embeddable":true,"href":"https:\/\/hotelrojascusco.com\/en\/wp-json\/wp\/v2\/media\/3877"}],"wp:attachment":[{"href":"https:\/\/hotelrojascusco.com\/en\/wp-json\/wp\/v2\/media?parent=3839"}],"curies":[{"name":"wp","href":"https:\/\/api.w.org\/{rel}","templated":true}]}}